{"id":40,"date":"2026-03-13T23:15:41","date_gmt":"2026-03-13T22:15:41","guid":{"rendered":"https:\/\/parrocchiadivinamisericordia.it\/?page_id=40"},"modified":"2026-03-14T20:53:17","modified_gmt":"2026-03-14T19:53:17","slug":"peregrinato-mariae","status":"publish","type":"page","link":"https:\/\/parrocchiadivinamisericordia.it\/?page_id=40","title":{"rendered":"Peregrinato Mariae"},"content":{"rendered":"\n<figure class=\"wp-block-image size-full\"><img fetchpriority=\"high\" decoding=\"async\" width=\"948\" height=\"917\" src=\"https:\/\/parrocchiadivinamisericordia.it\/wp-content\/uploads\/2026\/03\/pm.jpg\" alt=\"\" class=\"wp-image-71\" srcset=\"https:\/\/parrocchiadivinamisericordia.it\/wp-content\/uploads\/2026\/03\/pm.jpg 948w, https:\/\/parrocchiadivinamisericordia.it\/wp-content\/uploads\/2026\/03\/pm-300x290.jpg 300w, https:\/\/parrocchiadivinamisericordia.it\/wp-content\/uploads\/2026\/03\/pm-768x743.jpg 768w, https:\/\/parrocchiadivinamisericordia.it\/wp-content\/uploads\/2026\/03\/pm-310x300.jpg 310w\" sizes=\"(max-width: 948px) 100vw, 948px\" \/><\/figure>\n\n\n\n<p><strong>&#8220;Peregrinatio Mariae&#8221;<\/strong> <strong>o la Madonna Pellegrina che visita le nostre famiglie<\/strong> <strong>nelle nostre case.<\/strong><br><strong>Questa tradizione nacque in Francia e giunse in Italia, diocesi di Milano, nel 1948.<\/strong><br><strong>Come si svolge<\/strong><br>Un gruppetto di persone, appositamente preparate, e quando \u00e8 possibile accompagnate dal parroco, portano, presso una famiglia che ne ha fatto richiesta, la statua della Madonna di Fatima, e la depongono in un luogo appositamente preparato dalla famiglia stessa.<br>E\u2019bene in questa occasione invitare amici e parenti, e soprattutto i vicini o i condomini.<br>Poi spiegano come la Vergine Santissima, come fece nella grotta di Betlem, ci porta e ci dona Ges\u00f9, e con Ges\u00f9 la Grazia e la Pace.<br>Si prega il Rosario meditato che si pu\u00f2 concludere con una breve catechesi ed un dialogo con i presenti.<br>Il tutto si pu\u00f2 fare una o pi\u00f9 volte al giorno.<br>La Madonna resta a casa per il periodo concordato.<\/p>\n","protected":false},"excerpt":{"rendered":"<p>&#8220;Peregrinatio Mariae&#8221; o la Madonna Pellegrina che visita le nostre famiglie nelle nostre case.Questa tradizione nacque in Francia e giunse in Italia, diocesi di Milano, nel 1948.Come si svolgeUn gruppetto di persone, appositamente preparate, e quando \u00e8 possibile accompagnate dal &hellip; <a href=\"https:\/\/parrocchiadivinamisericordia.it\/?page_id=40\">Continua a leggere<span class=\"meta-nav\">&rarr;<\/span><\/a><\/p>\n","protected":false},"author":1,"featured_media":0,"parent":0,"menu_order":0,"comment_status":"closed","ping_status":"closed","template":"","meta":{"footnotes":""},"class_list":["post-40","page","type-page","status-publish","hentry"],"_links":{"self":[{"href":"https:\/\/parrocchiadivinamisericordia.it\/index.php?rest_route=\/wp\/v2\/pages\/40","targetHints":{"allow":["GET"]}}],"collection":[{"href":"https:\/\/parrocchiadivinamisericordia.it\/index.php?rest_route=\/wp\/v2\/pages"}],"about":[{"href":"https:\/\/parrocchiadivinamisericordia.it\/index.php?rest_route=\/wp\/v2\/types\/page"}],"author":[{"embeddable":true,"href":"https:\/\/parrocchiadivinamisericordia.it\/index.php?rest_route=\/wp\/v2\/users\/1"}],"replies":[{"embeddable":true,"href":"https:\/\/parrocchiadivinamisericordia.it\/index.php?rest_route=%2Fwp%2Fv2%2Fcomments&post=40"}],"version-history":[{"count":3,"href":"https:\/\/parrocchiadivinamisericordia.it\/index.php?rest_route=\/wp\/v2\/pages\/40\/revisions"}],"predecessor-version":[{"id":73,"href":"https:\/\/parrocchiadivinamisericordia.it\/index.php?rest_route=\/wp\/v2\/pages\/40\/revisions\/73"}],"wp:attachment":[{"href":"https:\/\/parrocchiadivinamisericordia.it\/index.php?rest_route=%2Fwp%2Fv2%2Fmedia&parent=40"}],"curies":[{"name":"wp","href":"https:\/\/api.w.org\/{rel}","templated":true}]}}